{"id":1084,"date":"2015-12-10T14:38:24","date_gmt":"2015-12-10T20:38:24","guid":{"rendered":"https:\/\/live-stampt.pantheon.io\/?page_id=1084"},"modified":"2022-01-04T11:07:15","modified_gmt":"2022-01-04T17:07:15","slug":"company","status":"publish","type":"page","link":"https:\/\/www.stamper.mx\/en\/company\/","title":{"rendered":"Company"},"content":{"rendered":"<p>[et_pb_section fb_built=&#8221;1&#8243; admin_label=&#8221;Section a&#8221; _builder_version=&#8221;4.14.2&#8243; background_color_gradient_direction=&#8221;90deg&#8221; custom_padding=&#8221;0px|0px|0px|0px&#8221; border_color_top=&#8221;gcid-0a865aeb-5f8c-453f-9530-0378a54d63b9&#8243; global_colors_info=&#8221;{%22gcid-0a865aeb-5f8c-453f-9530-0378a54d63b9%22:%91%22border_color_top%22%93}&#8221;][et_pb_row column_structure=&#8221;1_2,1_2&#8243; use_custom_gutter=&#8221;on&#8221; gutter_width=&#8221;1&#8243; make_equal=&#8221;on&#8221; admin_label=&#8221;Best Beans Row&#8221; module_class=&#8221; et_pb_row_fullwidth&#8221; _builder_version=&#8221;4.14.2&#8243; width=&#8221;100%&#8221; width_tablet=&#8221;100%&#8221; width_phone=&#8221;&#8221; width_last_edited=&#8221;on|desktop&#8221; max_width=&#8221;100%&#8221; max_width_tablet=&#8221;100%&#8221; max_width_phone=&#8221;&#8221; max_width_last_edited=&#8221;on|desktop&#8221; custom_margin=&#8221;|||&#8221; custom_padding=&#8221;0px|0px|0px|0px&#8221; make_fullwidth=&#8221;on&#8221; global_colors_info=&#8221;{}&#8221;][et_pb_column type=&#8221;1_2&#8243; _builder_version=&#8221;4.14.2&#8243; background_color=&#8221;gcid-d6fb1ae6-04b6-412c-8e54-7b8c7e2e7c5a&#8221; background_color_gradient_start=&#8221;#173360&#8243; background_color_gradient_end=&#8221;#e2e2e2&#8243; background_color_gradient_direction=&#8221;90deg&#8221; custom_padding=&#8221;5vw|7%|5vw|7%|true|true&#8221; custom_padding_tablet=&#8221;100px|10%|100px|10%&#8221; custom_padding_phone=&#8221;20px|10%|20px|10%|true|false&#8221; custom_padding_last_edited=&#8221;on|phone&#8221; global_colors_info=&#8221;{%22gcid-d6fb1ae6-04b6-412c-8e54-7b8c7e2e7c5a%22:%91%22background_color%22%93}&#8221; custom_padding__hover=&#8221;|||&#8221;][et_pb_text admin_label=&#8221;Tittle&#8221; _builder_version=&#8221;4.14.4&#8243; text_font=&#8221;||||||||&#8221; text_text_color=&#8221;#FFFFFF&#8221; text_font_size=&#8221;18px&#8221; text_line_height=&#8221;1.8em&#8221; header_text_align=&#8221;center&#8221; header_2_font=&#8221;Oswald|||on|||||&#8221; header_2_text_color=&#8221;#FFFFFF&#8221; header_2_font_size=&#8221;28px&#8221; header_2_line_height=&#8221;1.6em&#8221; header_3_font=&#8221;Oswald|||on|||||&#8221; header_3_font_size=&#8221;42px&#8221; header_3_letter_spacing=&#8221;2px&#8221; header_3_line_height=&#8221;1.5em&#8221; background_color=&#8221;rgba(255,255,255,0.04)&#8221; max_width_tablet=&#8221;&#8221; max_width_phone=&#8221;&#8221; max_width_last_edited=&#8221;on|phone&#8221; module_alignment=&#8221;left&#8221; custom_margin=&#8221;|||&#8221; custom_padding=&#8221;2vw|2vw|2vw|2vw|true|false&#8221; hover_enabled=&#8221;0&#8243; text_line_height_tablet=&#8221;1.8em&#8221; text_line_height_phone=&#8221;1.5em&#8221; text_line_height_last_edited=&#8221;on|phone&#8221; border_width_all=&#8221;1px&#8221; border_color_all=&#8221;rgba(11,155,198,0.73)&#8221; locked=&#8221;off&#8221; global_colors_info=&#8221;{}&#8221; sticky_enabled=&#8221;0&#8243;]<\/p>\n<p>Founded in 1993, Stamper initially operated under the name Procesos Controlados S.A de C.V. (PROCONSA). Starting out as a small team serving the need for stamped pieces within the local industry, we supplied companies such as Valeo T\u00e9rmico, Singer and Tremec. Those initial clients laid a fundamental base for Stampers continuous growth.<\/p>\n<p>Today Stamper employs over 50 people and supplies companies in different industries: automotive, aerospace, agricultural machinery and industrial machinery, while assisting them in the development of new products ensuring excellent quality and value.<\/p>\n<p>Stamper is certified under the standard IATF 16949 and has received several acknowledgements from its clients, such as: Finesa, Tremec, Hi-Lex and Yachiyo. Furthermore we have been awarded the Statewide Export and Quality Price on two separate occasions.<\/p>\n<p>[\/et_pb_text][\/et_pb_column][et_pb_column type=&#8221;1_2&#8243; _builder_version=&#8221;4.14.2&#8243; background_image=&#8221;https:\/\/www.stamper.mx\/wp-content\/uploads\/stamper-d-4.jpg&#8221; background_position=&#8221;center_right&#8221; custom_padding=&#8221;|||&#8221; global_colors_info=&#8221;{}&#8221; custom_padding__hover=&#8221;|||&#8221;][et_pb_divider show_divider=&#8221;off&#8221; _builder_version=&#8221;4.14.2&#8243; _module_preset=&#8221;default&#8221; min_height_tablet=&#8221;&#8221; min_height_phone=&#8221;400px&#8221; min_height_last_edited=&#8221;on|phone&#8221; global_colors_info=&#8221;{}&#8221;][\/et_pb_divider][\/et_pb_column][\/et_pb_row][\/et_pb_section]<\/p>\n","protected":false},"excerpt":{"rendered":"<p>Founded in 1993, Stamper initially operated under the name Procesos Controlados S.A de C.V. (PROCONSA). Starting out as a small team serving the need for stamped pieces within the local industry, we supplied companies such as Valeo T\u00e9rmico, Singer and Tremec. Those initial clients laid a fundamental base for Stampers continuous growth. Today Stamper employs [&hellip;]<\/p>\n","protected":false},"author":1,"featured_media":0,"parent":0,"menu_order":0,"comment_status":"closed","ping_status":"closed","template":"","meta":{"_et_pb_use_builder":"on","_et_pb_old_content":"<p>[et_pb_section fb_built=\"1\" _builder_version=\"4.14.0\" _module_preset=\"default\" background_color=\"gcid-d6fb1ae6-04b6-412c-8e54-7b8c7e2e7c5a\" custom_padding=\"32px||32px||true|\" global_colors_info=\"{%22gcid-d6fb1ae6-04b6-412c-8e54-7b8c7e2e7c5a%22:%91%22background_color%22%93}\"][et_pb_row _builder_version=\"4.14.0\" _module_preset=\"default\" custom_padding=\"0px||0px||false|false\" global_colors_info=\"{}\"][et_pb_column type=\"4_4\" _builder_version=\"4.13.1\" _module_preset=\"default\" global_colors_info=\"{}\"][et_pb_text _builder_version=\"4.14.0\" _module_preset=\"default\" text_font=\"|||on|||||\" text_text_color=\"#FFFFFF\" text_font_size=\"28px\" text_orientation=\"center\" global_colors_info=\"{}\"]<\/p><p>empresa<\/p><p>[\/et_pb_text][\/et_pb_column][\/et_pb_row][\/et_pb_section][et_pb_section fb_built=\"1\" admin_label=\"Section a\" _builder_version=\"3.22\" background_color_gradient_direction=\"90deg\" custom_padding=\"0px|0px|0px|0px\" global_colors_info=\"{}\"][et_pb_row column_structure=\"1_2,1_2\" use_custom_gutter=\"on\" gutter_width=\"1\" make_equal=\"on\" admin_label=\"Best Beans Row\" module_class=\" et_pb_row_fullwidth\" _builder_version=\"4.14.0\" width=\"100%\" width_tablet=\"100%\" width_phone=\"\" width_last_edited=\"on|desktop\" max_width=\"100%\" max_width_tablet=\"100%\" max_width_phone=\"\" max_width_last_edited=\"on|desktop\" custom_margin=\"|||\" custom_padding=\"0px|0px|0px|0px\" make_fullwidth=\"on\" global_colors_info=\"{}\"][et_pb_column type=\"1_2\" _builder_version=\"4.14.0\" background_color=\"#f2f2f2\" background_color_gradient_start=\"#173360\" background_color_gradient_end=\"#e2e2e2\" background_color_gradient_direction=\"90deg\" custom_padding=\"100px|10%|100px|10%\" global_colors_info=\"{}\" custom_padding__hover=\"|||\"][et_pb_text admin_label=\"Tittle\" _builder_version=\"4.13.1\" text_font=\"||||||||\" text_text_color=\"gcid-db0debae-ea70-4a45-a4e2-3ae5265b6206\" text_font_size=\"18px\" text_line_height=\"1.8em\" header_text_align=\"center\" header_2_font=\"Oswald|||on|||||\" header_2_text_color=\"gcid-db0debae-ea70-4a45-a4e2-3ae5265b6206\" header_2_font_size=\"28px\" header_3_font=\"Oswald|||on|||||\" header_3_font_size=\"42px\" header_3_letter_spacing=\"2px\" header_3_line_height=\"1.5em\" max_width=\"600px\" max_width_tablet=\"\" max_width_phone=\"\" max_width_last_edited=\"on|phone\" module_alignment=\"left\" custom_margin=\"|||\" locked=\"off\" global_colors_info=\"{%22gcid-db0debae-ea70-4a45-a4e2-3ae5265b6206%22:%91%22header_2_text_color%22,%22text_text_color%22%93}\"]<\/p><h2>Stamper<\/h2><p>Establecida desde el a\u00f1o 1989, inici\u00f3 operaciones como proveedor de piezas troqueladas para abastecer la industria local, atendiendo empresas como Valeo T\u00e9rmico, Singer y Tremec; lo que permiti\u00f3 un mayor crecimiento e inversi\u00f3n en maquinaria y capacitaci\u00f3n del personal a lo largo de los a\u00f1os.<\/p><p>Stamper est\u00e1 certificada bajo la norma IATF 16949, y ha sido reconocida por diferentes clientes como: Finesa, Tremec y Hi-Lex Mexicana; tambi\u00e9n ha obtenido en Premio Estatal de Calidad, y el Premio Estatal de Exportaci\u00f3n.<\/p><p>A la fecha Stamper cuenta con capacidad en prensa hasta de 300 toneladas, corte de l\u00e1ser, ensambles de piezas troqueladas con fasteners, y tenemos la capacidad de dise\u00f1ar y fabricar herramentales; tambi\u00e9n se tiene un Laboratorio de calidad con los instrumentos necesarios para asegurar la calidad de las partes.<\/p><p>[\/et_pb_text][\/et_pb_column][et_pb_column type=\"1_2\" _builder_version=\"4.14.0\" background_image=\"https:\/\/live-stampt.pantheon.io\/wp-content\/uploads\/stamper-d-4.jpg\" custom_padding=\"|||\" global_colors_info=\"{}\" custom_padding__hover=\"|||\"][\/et_pb_column][\/et_pb_row][\/et_pb_section][et_pb_section fb_built=\"1\" _builder_version=\"4.14.0\" _module_preset=\"default\" global_colors_info=\"{}\"][et_pb_row column_structure=\"1_4,1_4,1_4,1_4\" _builder_version=\"4.14.0\" _module_preset=\"default\" global_colors_info=\"{}\"][et_pb_column type=\"1_4\" _builder_version=\"4.14.0\" _module_preset=\"default\" global_colors_info=\"{}\"][et_pb_image src=\"https:\/\/live-stampt.pantheon.io\/wp-content\/uploads\/stamper-premios-_0000_Layer-4.jpg\" title_text=\"stamper-premios-_0000_Layer 4\" _builder_version=\"4.14.0\" _module_preset=\"default\" global_colors_info=\"{}\"][\/et_pb_image][\/et_pb_column][et_pb_column type=\"1_4\" _builder_version=\"4.14.0\" _module_preset=\"default\" global_colors_info=\"{}\"][et_pb_image src=\"https:\/\/live-stampt.pantheon.io\/wp-content\/uploads\/stamper-premios-_0001_Layer-3.jpg\" title_text=\"stamper-premios-_0001_Layer 3\" _builder_version=\"4.14.0\" _module_preset=\"default\" global_colors_info=\"{}\"][\/et_pb_image][\/et_pb_column][et_pb_column type=\"1_4\" _builder_version=\"4.14.0\" _module_preset=\"default\" global_colors_info=\"{}\"][et_pb_image src=\"https:\/\/live-stampt.pantheon.io\/wp-content\/uploads\/stamper-premios-_0003_Layer-1.jpg\" title_text=\"stamper-premios-_0003_Layer 1\" _builder_version=\"4.14.0\" _module_preset=\"default\" global_colors_info=\"{}\"][\/et_pb_image][\/et_pb_column][et_pb_column type=\"1_4\" _builder_version=\"4.14.0\" _module_preset=\"default\" global_colors_info=\"{}\"][et_pb_image src=\"https:\/\/live-stampt.pantheon.io\/wp-content\/uploads\/stamper-premios-_0002_Layer-2.jpg\" title_text=\"stamper-premios-_0002_Layer 2\" _builder_version=\"4.14.0\" _module_preset=\"default\" global_colors_info=\"{}\"][\/et_pb_image][\/et_pb_column][\/et_pb_row][\/et_pb_section]<\/p>","_et_gb_content_width":""},"_links":{"self":[{"href":"https:\/\/www.stamper.mx\/en\/wp-json\/wp\/v2\/pages\/1084"}],"collection":[{"href":"https:\/\/www.stamper.mx\/en\/wp-json\/wp\/v2\/pages"}],"about":[{"href":"https:\/\/www.stamper.mx\/en\/wp-json\/wp\/v2\/types\/page"}],"author":[{"embeddable":true,"href":"https:\/\/www.stamper.mx\/en\/wp-json\/wp\/v2\/users\/1"}],"replies":[{"embeddable":true,"href":"https:\/\/www.stamper.mx\/en\/wp-json\/wp\/v2\/comments?post=1084"}],"version-history":[{"count":11,"href":"https:\/\/www.stamper.mx\/en\/wp-json\/wp\/v2\/pages\/1084\/revisions"}],"predecessor-version":[{"id":1770,"href":"https:\/\/www.stamper.mx\/en\/wp-json\/wp\/v2\/pages\/1084\/revisions\/1770"}],"wp:attachment":[{"href":"https:\/\/www.stamper.mx\/en\/wp-json\/wp\/v2\/media?parent=1084"}],"curies":[{"name":"wp","href":"https:\/\/api.w.org\/{rel}","templated":true}]}}